{"id":228,"date":"2015-08-10T13:33:28","date_gmt":"2015-08-10T11:33:28","guid":{"rendered":"http:\/\/franco-tyrolien.at\/wordpress\/?page_id=228"},"modified":"2015-09-28T23:35:58","modified_gmt":"2015-09-28T21:35:58","slug":"wer-sind-wir","status":"publish","type":"page","link":"http:\/\/franco-tyrolien.at\/wordpress\/verein\/wer-sind-wir\/","title":{"rendered":"Wer sind wir? Qui sommes-nous?"},"content":{"rendered":"<p>Das Institut franco-tyrolien d\u00b4Innsbruck setzt sich zum Ziel, die Beziehungen zwischen Frankreich und Tirol zu f\u00f6rdern. Dabei wird der kulturelle Austausch gepflegt, bestehende Netzwerke und Partnerschaften unterst\u00fctzt und Hilfestellung beim Aufbau neuer Kooperationen zwischen den L\u00e4ndern und Regionen geleistet. Die T\u00e4tigkeiten des Vereins sind nicht auf Gewinn ausgerichtet.<\/p>\n<p>&nbsp;<\/p>\n<p><em><span style=\"font-size: 14px; color: #666699;\">L\u2019<strong>Institut franco-tyrolien d\u2019Innsbruck<\/strong> est une association \u00e0 but non lucratif dont l\u2019objectif est d\u2019enrichir et de faire na\u00eetre des \u00e9changes et partenariats entre la France et leTyrol.\u00a0<\/span><\/em><em><span style=\"font-size: 14px; color: #666699;\">Pour cela, l\u2019association s\u2019appuie sur un ancrage local et tend \u00e0 d\u00e9velopper un rayonnement international.<\/span><\/em><\/p>\n<p>&nbsp;<\/p>\n<hr \/>\n<p style=\"text-align: center;\"><span style=\"font-size: 16px;\"><a href=\"http:\/\/franco-tyrolien.at\/wordpress\/wer-sind-wir-lassociation\/vorstand\/\">Vorstand \/ L\u2019\u00e9quipe<\/a><\/span><\/p>\n<hr \/>\n<p>&nbsp;<\/p>\n","protected":false},"excerpt":{"rendered":"<p>Das Institut franco-tyrolien d\u00b4Innsbruck setzt sich zum Ziel, die Beziehungen zwischen Frankreich und Tirol zu f\u00f6rdern. Dabei wird der kulturelle Austausch gepflegt, bestehende Netzwerke und Partnerschaften unterst\u00fctzt und Hilfestellung beim [&hellip;]<\/p>\n","protected":false},"author":1,"featured_media":0,"parent":361,"menu_order":1,"comment_status":"closed","ping_status":"closed","template":"","meta":{"_bbp_topic_count":0,"_bbp_reply_count":0,"_bbp_total_topic_count":0,"_bbp_total_reply_count":0,"_bbp_voice_count":0,"_bbp_anonymous_reply_count":0,"_bbp_topic_count_hidden":0,"_bbp_reply_count_hidden":0,"_bbp_forum_subforum_count":0,"ngg_post_thumbnail":0,"footnotes":""},"class_list":["post-228","page","type-page","status-publish","hentry"],"_links":{"self":[{"href":"http:\/\/franco-tyrolien.at\/wordpress\/wp-json\/wp\/v2\/pages\/228"}],"collection":[{"href":"http:\/\/franco-tyrolien.at\/wordpress\/wp-json\/wp\/v2\/pages"}],"about":[{"href":"http:\/\/franco-tyrolien.at\/wordpress\/wp-json\/wp\/v2\/types\/page"}],"author":[{"embeddable":true,"href":"http:\/\/franco-tyrolien.at\/wordpress\/wp-json\/wp\/v2\/users\/1"}],"replies":[{"embeddable":true,"href":"http:\/\/franco-tyrolien.at\/wordpress\/wp-json\/wp\/v2\/comments?post=228"}],"version-history":[{"count":26,"href":"http:\/\/franco-tyrolien.at\/wordpress\/wp-json\/wp\/v2\/pages\/228\/revisions"}],"predecessor-version":[{"id":814,"href":"http:\/\/franco-tyrolien.at\/wordpress\/wp-json\/wp\/v2\/pages\/228\/revisions\/814"}],"up":[{"embeddable":true,"href":"http:\/\/franco-tyrolien.at\/wordpress\/wp-json\/wp\/v2\/pages\/361"}],"wp:attachment":[{"href":"http:\/\/franco-tyrolien.at\/wordpress\/wp-json\/wp\/v2\/media?parent=228"}],"curies":[{"name":"wp","href":"https:\/\/api.w.org\/{rel}","templated":true}]}}