{"id":352,"date":"2015-08-19T22:20:31","date_gmt":"2015-08-19T20:20:31","guid":{"rendered":"http:\/\/franco-tyrolien.at\/wordpress\/?page_id=352"},"modified":"2015-10-17T11:48:31","modified_gmt":"2015-10-17T09:48:31","slug":"mitglieder","status":"publish","type":"page","link":"http:\/\/franco-tyrolien.at\/wordpress\/mitglieder\/","title":{"rendered":"Mitglieder"},"content":{"rendered":"<p><span id=\"result_box\" class=\"\" lang=\"de\"><span class=\"hps\">Das Institut franco-tyrolien d&#8217;Innsbruck ist ein Verein,<\/span>\u00a0welcher auf das Engagement und die Unterst\u00fctzung\u00a0seiner Mitglieder angewiesen ist. <strong><span id=\"result_box\" class=\"short_text\" lang=\"de\"><span class=\"hps\">Wir haben\u00a0<\/span><span class=\"hps\">bereits mehr als<\/span>\u00a0<span class=\"hps\">100 Mitglieder<\/span>!<\/span><\/strong><br \/>\n<span class=\"hps\">Finden Sie hier heraus,<\/span><span class=\"hps\">\u00a0<a href=\"http:\/\/franco-tyrolien.at\/wordpress\/mitglieder\/inscription\/\">wie<\/a><\/span> auch Sie\u00a0<span class=\"hps\">Mitglied werden\u00a0k\u00f6nnen und <a href=\"http:\/\/franco-tyrolien.at\/wordpress\/mitglieder\/warum-mitglied-werden-pourquoi-etre-adherent\/\">warum<\/a>\u00a0Sie dies in Erw\u00e4gung ziehen sollten<\/span>!<\/span><\/p>\n<p><span style=\"color: #666699;\"><em>L&#8217;Institut franco-tyrolien d&#8217;Innsbruck est une association qui repose sur la participation et l&#8217;engagement de ses membres. <strong>Nous sommes d\u00e9j\u00e0 100 adh\u00e9rents !<\/strong><br \/>\nD\u00e9couvrez <\/em><\/span><em><a href=\"http:\/\/franco-tyrolien.at\/wordpress\/mitglieder\/warum-mitglied-werden-pourquoi-etre-adherent\/\">pourquoi<\/a><\/em><span style=\"color: #666699;\"><em> et <\/em><\/span><em><a href=\"http:\/\/franco-tyrolien.at\/wordpress\/mitglieder\/inscription\/\">comment<\/a><\/em><span style=\"color: #666699;\"><em> devenir membre vous aussi !<\/em> <\/span><\/p>\n<p>&nbsp;<\/p>\n<hr \/>\n<p>&nbsp;<\/p>\n<p><span id=\"result_box\" class=\"\" lang=\"de\"><span class=\"hps\">Neben den<\/span>\u00a0<span class=\"hps\">aktiven Mitglieder<\/span>, hat\u00a0<span class=\"hps\">der Verein auch<\/span> E<span class=\"hps\">hren- und<\/span>\u00a0<span class=\"hps\">\u00a0F\u00f6rdermitglieder<\/span>.<\/span><\/p>\n<p><span style=\"color: #666699;\"><em>Outre ses membres actifs, l&#8217;association admet \u00e9galement des membres d&#8217;honneur et bienfaiteurs.<\/em> <\/span><\/p>\n<p><span style=\"text-decoration: underline;\"><span id=\"result_box\" class=\"short_text\" lang=\"de\"><span class=\"hps\">Ehrenmitglied<\/span><\/span> \/ <em>Membre d&#8217;Honneur<\/em><\/span><\/p>\n<ul style=\"list-style-type: circle;\">\n<li><strong>DDr. Herwig van Staa\u00a0<\/strong>\u00a0Pra\u0308sident des Tiroler Landtages<br \/>\n<span style=\"color: #666699;\"><em>\u00a0 \u00a0 \u00a0 \u00a0 \u00a0 \u00a0 \u00a0 \u00a0 \u00a0 \u00a0 \u00a0 \u00a0 \u00a0 \u00a0 \u00a0 \u00a0 \u00a0 \u00a0 \u00a0 \u00a0 \u00a0 \u00a0 \u00a0 \u00a0 \u00a0 \u00a0 \u00a0 Pre\u0301sident du Parlement Re\u0301gional du Tyrol<\/em><\/span><\/li>\n<\/ul>\n<p><span style=\"text-decoration: underline;\">F\u00f6rdermitglied \/ <em>Membre Bienfaiteur<\/em><\/span><\/p>\n<ul style=\"list-style-type: circle;\">\n<li><strong>Mr. Louis Sarazin<\/strong>\u00a0\u00a0<span id=\"result_box\" class=\"short_text\" lang=\"de\"><span class=\"hps\">konsularischer<\/span> <span class=\"hps alt-edited\">Berater<\/span><\/span><br \/>\n<span style=\"color: #666699;\"><span style=\"color: #666699;\"><span style=\"color: #666699;\"><em>\u00a0 \u00a0 \u00a0 \u00a0 \u00a0 \u00a0 \u00a0 \u00a0 \u00a0 \u00a0 \u00a0 \u00a0 \u00a0 \u00a0 \u00a0 \u00a0 \u00a0 \u00a0 \u00a0 \u00a0 \u00a0 \u00a0 \u00a0 \u00a0Conseiller Consulaire<\/em><\/span><\/span><\/span><\/li>\n<li><strong>Mr. Val\u00e9re \u00a0Staraselski <\/strong>\u00a0franz\u00f6sischer<strong>\u00a0<\/strong>Schriftsteller<br \/>\n<span style=\"color: #666699;\">\u00a0 \u00a0 \u00a0 \u00a0 \u00a0 \u00a0 \u00a0 \u00a0 \u00a0 \u00a0 \u00a0 \u00a0 \u00a0 \u00a0 \u00a0 \u00a0 \u00a0 \u00a0 \u00a0 \u00a0 \u00a0 \u00a0 \u00a0 \u00a0 \u00a0 \u00a0 \u00a0 \u00a0 \u00a0 \u00a0 \u00a0 Ecrivain\u00a0fran\u00e7ais<\/span><\/li>\n<\/ul>\n<p>&nbsp;<\/p>\n","protected":false},"excerpt":{"rendered":"<p>Das Institut franco-tyrolien d&#8217;Innsbruck ist ein Verein,\u00a0welcher auf das Engagement und die Unterst\u00fctzung\u00a0seiner Mitglieder angewiesen ist. Wir haben\u00a0bereits mehr als\u00a0100 Mitglieder! Finden Sie hier heraus,\u00a0wie auch Sie\u00a0Mitglied werden\u00a0k\u00f6nnen und warum\u00a0Sie [&hellip;]<\/p>\n","protected":false},"author":1,"featured_media":0,"parent":0,"menu_order":2,"comment_status":"closed","ping_status":"closed","template":"","meta":{"_bbp_topic_count":0,"_bbp_reply_count":0,"_bbp_total_topic_count":0,"_bbp_total_reply_count":0,"_bbp_voice_count":0,"_bbp_anonymous_reply_count":0,"_bbp_topic_count_hidden":0,"_bbp_reply_count_hidden":0,"_bbp_forum_subforum_count":0,"ngg_post_thumbnail":0,"footnotes":""},"class_list":["post-352","page","type-page","status-publish","hentry"],"_links":{"self":[{"href":"http:\/\/franco-tyrolien.at\/wordpress\/wp-json\/wp\/v2\/pages\/352"}],"collection":[{"href":"http:\/\/franco-tyrolien.at\/wordpress\/wp-json\/wp\/v2\/pages"}],"about":[{"href":"http:\/\/franco-tyrolien.at\/wordpress\/wp-json\/wp\/v2\/types\/page"}],"author":[{"embeddable":true,"href":"http:\/\/franco-tyrolien.at\/wordpress\/wp-json\/wp\/v2\/users\/1"}],"replies":[{"embeddable":true,"href":"http:\/\/franco-tyrolien.at\/wordpress\/wp-json\/wp\/v2\/comments?post=352"}],"version-history":[{"count":13,"href":"http:\/\/franco-tyrolien.at\/wordpress\/wp-json\/wp\/v2\/pages\/352\/revisions"}],"predecessor-version":[{"id":834,"href":"http:\/\/franco-tyrolien.at\/wordpress\/wp-json\/wp\/v2\/pages\/352\/revisions\/834"}],"wp:attachment":[{"href":"http:\/\/franco-tyrolien.at\/wordpress\/wp-json\/wp\/v2\/media?parent=352"}],"curies":[{"name":"wp","href":"https:\/\/api.w.org\/{rel}","templated":true}]}}