{"id":355,"date":"2015-08-19T22:25:45","date_gmt":"2015-08-19T20:25:45","guid":{"rendered":"http:\/\/franco-tyrolien.at\/wordpress\/?page_id=355"},"modified":"2022-11-15T16:15:37","modified_gmt":"2022-11-15T15:15:37","slug":"warum-mitglieder","status":"publish","type":"page","link":"http:\/\/franco-tyrolien.at\/wordpress\/mitglieder\/warum-mitglieder\/","title":{"rendered":"Warum Mitglied werden \/ Pourquoi \u00eatre adh\u00e9rent"},"content":{"rendered":"<p><span style=\"color: #000000;\"><span id=\"result_box\" class=\"\" lang=\"de\"><span title=\"- Les adhe\u0301rents ont gratuitement acce\u0300s a\u0300 : La me\u0301diathe\u0300que de l'Institut qui contient de\u0301ja\u0300 des centaines d'ouvrages : des livres, CD et DVD en franc\u0327ais et en allemand, un rayon pour les enfants et des supports pe\u0301dagogiques. \"><strong>Warum Mitglied werden?<br \/>\n<\/strong><\/span><\/span><\/span><\/p>\n<p>Das f\u00fcr Mitglieder kostenfreie&nbsp;Angebot ist vielf\u00e4ltig:<\/p>\n<p>&#8211; Mitglieder haben freien Zugang:<br \/>\nzur <strong>Bibliothek<\/strong>, welche bereits tausende deutsch- und franz\u00f6sischsprachige B\u00fccher, Zeitschriften, CDs, DVDs und zahlreiche Lehrmaterialien umfasst. Die Auswahl ist reichhaltig und spricht nicht nur Erwachsene, sondern auch Kinder unterschiedlicher Altersgruppen an.<br \/>\nzum <strong>Tonarchiv<\/strong> des Zentrums f\u00fcr Dokumentation und Forschung der \u201eTextmusik Romania\u201c des Romanistik-Instituts der Universit\u00e4t Innsbruck.<\/p>\n<p>&#8211; <strong>regelm\u00e4\u00dfige Veranstaltungen<\/strong>: monatlicher Stammtisch, viertelj\u00e4hrliche Film- und Spieleabende, Tanzabende, moderierte Diskussionsrunden zu aktuellen Fragestellungen mit interessanten G\u00e4sten;&nbsp;gemeinsame Gespr\u00e4che und Erlebnisse sowie neue Kontakte und Freundschaften werden dabei nicht zu kurz kommen!<\/p>\n<p>&#8211; besondere <strong>kulturelle Events<\/strong> werden das Rahmenprogramm erg\u00e4nzen und sollen helfen, den Mitgliedern ein tieferes Verst\u00e4ndnis f\u00fcr die jeweils andere Kultur zu vermitteln. Die Bandbreite reicht dabei von Konzerten, Lesungen und F\u00fchrungen bis hin zu kulinarischen Gen\u00fcssen.<\/p>\n<p>&#8211; <strong>Reisen und Ausfl\u00fcge<\/strong>: zweimal j\u00e4hrlich werden franz\u00f6sische Regionen besucht; Gelegenheit, abseits der \u00fcblichen Touristenpfade Landschaften, Bewohner und Brauchtum, Architektur und Kunst, St\u00e4dte und Gemeinden zu entdecken und zu erleben. Dabei werden sowohl lokale fachkundige F\u00fchrungen organisiert, als auch M\u00f6glichkeiten f\u00fcr Erkundungen auf eigene Faust geboten.<\/p>\n<p><em><span style=\"color: #666699;\"><strong>Pourquoi e\u0302tre adhe\u0301rent ?<br \/>\n<\/strong><\/span><\/em><br \/>\n<em><span style=\"color: #666699;\">&#8211; Les adhe\u0301rents ont l&#8217;acc\u00e9s gratuit a\u0300 : <\/span><\/em><br \/>\n<em><span style=\"color: #666699;\">La <strong>me\u0301diathe\u0300que<\/strong> de l\u2019Institut qui contient de\u0301ja\u0300 des milliers d\u2019ouvrages : des livres, des revues, des CD et DVD en franc\u0327ais et en allemand, un rayon pour les enfants et des supports pe\u0301dagogiques. <\/span><\/em><br \/>\n<em><span style=\"color: #666699;\">La <strong>phonothe\u0300que<\/strong> du centre de documentation et de recherche \u00abTextmusik in der Romania\u00bb de l&#8217;Institut de langues romanes de l\u2019Universite\u0301 d\u2019Innsbruck.<br \/>\n<\/span><\/em><br \/>\n<em><span style=\"color: #666699;\">&#8211; Des <strong>rendez-vous re\u0301guliers<\/strong> rythment l\u2019anne\u0301e et permettent aux adhe\u0301rents de partager des moments de convivialite\u0301 : rencontres au cafe\u0301 pour le \u00ab stammtisch \u00bb mensuel, soire\u0301es cine\u0301ma ou ludothe\u0300que tous les mois, discussions sur des the\u0300mes actuels en compagnie de spe\u0301cialistes invite\u0301s tous les trimestres.<br \/>\n<\/span><\/em><br \/>\n<em><span style=\"color: #666699;\">&#8211; Des <strong>e\u0301ve\u0300nements culturels<\/strong> sont e\u0301tablis en plus de ce programme re\u0301gulier. On compte par exemple des concerts de groupes francophones, des lectures, des excursions ou encore des de\u0301gustations, afin de faire vivre les traditions franc\u0327aises et tyroliennes.<br \/>\n<\/span><\/em><br \/>\n<em><span style=\"color: #666699;\">&#8211; L\u2019association propose e\u0301galement des <strong>voyages<\/strong> deux fois par an, dans une ville ou une re\u0301gion franc\u0327aise. C\u2019est l\u2019occasion pour les adhe\u0301rents de partir a\u0300 la de\u0301couverte des lieux et monuments emble\u0301matiques de ces territoires, d\u2019expe\u0301rimenter les coutumes locales gra\u0302ce aux visites guide\u0301es et de profiter des temps libres d\u2019exploration.<\/span><\/em><\/p>\n","protected":false},"excerpt":{"rendered":"<p>Warum Mitglied werden? Das f\u00fcr Mitglieder kostenfreie&nbsp;Angebot ist vielf\u00e4ltig: &#8211; Mitglieder haben freien Zugang: zur Bibliothek, welche bereits tausende deutsch- und franz\u00f6sischsprachige B\u00fccher, Zeitschriften, CDs, DVDs und zahlreiche Lehrmaterialien umfasst. [&hellip;]<\/p>\n","protected":false},"author":1,"featured_media":0,"parent":352,"menu_order":1,"comment_status":"closed","ping_status":"closed","template":"","meta":{"_bbp_topic_count":0,"_bbp_reply_count":0,"_bbp_total_topic_count":0,"_bbp_total_reply_count":0,"_bbp_voice_count":0,"_bbp_anonymous_reply_count":0,"_bbp_topic_count_hidden":0,"_bbp_reply_count_hidden":0,"_bbp_forum_subforum_count":0,"ngg_post_thumbnail":0,"footnotes":""},"class_list":["post-355","page","type-page","status-publish","hentry"],"_links":{"self":[{"href":"http:\/\/franco-tyrolien.at\/wordpress\/wp-json\/wp\/v2\/pages\/355"}],"collection":[{"href":"http:\/\/franco-tyrolien.at\/wordpress\/wp-json\/wp\/v2\/pages"}],"about":[{"href":"http:\/\/franco-tyrolien.at\/wordpress\/wp-json\/wp\/v2\/types\/page"}],"author":[{"embeddable":true,"href":"http:\/\/franco-tyrolien.at\/wordpress\/wp-json\/wp\/v2\/users\/1"}],"replies":[{"embeddable":true,"href":"http:\/\/franco-tyrolien.at\/wordpress\/wp-json\/wp\/v2\/comments?post=355"}],"version-history":[{"count":20,"href":"http:\/\/franco-tyrolien.at\/wordpress\/wp-json\/wp\/v2\/pages\/355\/revisions"}],"predecessor-version":[{"id":2968,"href":"http:\/\/franco-tyrolien.at\/wordpress\/wp-json\/wp\/v2\/pages\/355\/revisions\/2968"}],"up":[{"embeddable":true,"href":"http:\/\/franco-tyrolien.at\/wordpress\/wp-json\/wp\/v2\/pages\/352"}],"wp:attachment":[{"href":"http:\/\/franco-tyrolien.at\/wordpress\/wp-json\/wp\/v2\/media?parent=355"}],"curies":[{"name":"wp","href":"https:\/\/api.w.org\/{rel}","templated":true}]}}