{"id":359,"date":"2015-08-19T22:28:38","date_gmt":"2015-08-19T20:28:38","guid":{"rendered":"http:\/\/franco-tyrolien.at\/wordpress\/?page_id=359"},"modified":"2022-11-15T16:16:13","modified_gmt":"2022-11-15T15:16:13","slug":"mediathek","status":"publish","type":"page","link":"http:\/\/franco-tyrolien.at\/wordpress\/mitglieder\/mediathek\/","title":{"rendered":"Mediathek \/ M\u00e9diath\u00e8que"},"content":{"rendered":"<p>Die Mediathek des Instituts umfasst bereits tausende&nbsp; deutsch- und franz\u00f6sischsprachige B\u00fccher, Zeitschriften, CDs, DVDs und zahlreiche Lehrmaterialien. Die Auswahl ist reichhaltig und spricht nicht nur Erwachsene sondern auch Kinder unterschiedlicher Altersgruppen an.<\/p>\n<p>Als Mitglied haben Sie zudem kostenlosen Zugang zum <strong>Tonarchiv<\/strong> des Zentrums f\u00fcr Dokumentation und Forschung der \u201eTextmusik Romania\u201c des Romanistik-Instituts der Universit\u00e4t Innsbruck.<\/p>\n<p>Sie k\u00f6nnen uns helfen die Mediathek zu vergr\u00f6\u00dfern,&nbsp;indem Sie f\u00fcr das Institut eine Spende t\u00e4tigen! Vielen Danke im Voraus f\u00fcr Ihre Unterst\u00fctzung!<\/p>\n<p>&nbsp;<\/p>\n<p><span style=\"color: #666699;\"><em>La M\u00e9diath\u00e8que de l&#8217;institut contient d\u00e9j\u00e0 des milliers d&#8217;ouvrages: des livres, des revues des CD et DVD en fran\u00e7ais et en allemand, un rayon pour les enfants et les adolescents ainsi que des supports p\u00e9dagogiques.&nbsp;<\/em><\/span><\/p>\n<p><span style=\"color: #666699;\"><em>En tant qu&#8217;adh\u00e9rent, vous avez la possibilit\u00e9 d&#8217;emprunter gratuitement des CD \u00e0 la phonoth\u00e8que&nbsp;du centre de documentation et de recherche &#8222;Textmusik in der Romania&#8220; gr\u00e2ce au partenariat avec l&#8217;institut de langues romanes&nbsp;d&#8217;Innsbruck.<\/em><\/span><\/p>\n<p><span style=\"color: #666699;\"><em>Vous pouvez nous aider \u00e0 agrandir la&nbsp;m\u00e9diath\u00e8que en faisant des dons \u00e0 l&#8217;institut !<br \/>\nMerci pour votre soutien !<br \/>\n<\/em><\/span><\/p>\n<p><img loading=\"lazy\" decoding=\"async\" class=\"size-medium wp-image-2586 aligncenter\" src=\"http:\/\/franco-tyrolien.at\/wordpress\/wp-content\/uploads\/2022\/07\/IMG_20190826_122406.bis-pg-500x375.jpg\" alt=\"\" width=\"500\" height=\"375\" srcset=\"http:\/\/franco-tyrolien.at\/wordpress\/wp-content\/uploads\/2022\/07\/IMG_20190826_122406.bis-pg-500x375.jpg 500w, http:\/\/franco-tyrolien.at\/wordpress\/wp-content\/uploads\/2022\/07\/IMG_20190826_122406.bis-pg-2000x1500.jpg 2000w, http:\/\/franco-tyrolien.at\/wordpress\/wp-content\/uploads\/2022\/07\/IMG_20190826_122406.bis-pg-768x576.jpg 768w, http:\/\/franco-tyrolien.at\/wordpress\/wp-content\/uploads\/2022\/07\/IMG_20190826_122406.bis-pg-1536x1152.jpg 1536w, http:\/\/franco-tyrolien.at\/wordpress\/wp-content\/uploads\/2022\/07\/IMG_20190826_122406.bis-pg-2048x1536.jpg 2048w\" sizes=\"(max-width: 500px) 100vw, 500px\" \/><\/p>\n<p style=\"text-align: center;\"><span style=\"font-size: 12px;\">M\u00e9diath\u00e8que de l&#8217;Institut franco-tyrolien d&#8217;Innsbruck<\/span><\/p>\n<hr>\n<p style=\"text-align: center;\"><a href=\"http:\/\/www.uibk.ac.at\/romanistik\/institut\/textmusik-in-der-romania\/\" target=\"_blank\" rel=\"noopener\">Phonoth\u00e8que<\/a><\/p>\n<hr>\n<p>&nbsp;<\/p>\n","protected":false},"excerpt":{"rendered":"<p>Die Mediathek des Instituts umfasst bereits tausende&nbsp; deutsch- und franz\u00f6sischsprachige B\u00fccher, Zeitschriften, CDs, DVDs und zahlreiche Lehrmaterialien. Die Auswahl ist reichhaltig und spricht nicht nur Erwachsene sondern auch Kinder unterschiedlicher [&hellip;]<\/p>\n","protected":false},"author":1,"featured_media":0,"parent":352,"menu_order":3,"comment_status":"closed","ping_status":"closed","template":"","meta":{"_bbp_topic_count":0,"_bbp_reply_count":0,"_bbp_total_topic_count":0,"_bbp_total_reply_count":0,"_bbp_voice_count":0,"_bbp_anonymous_reply_count":0,"_bbp_topic_count_hidden":0,"_bbp_reply_count_hidden":0,"_bbp_forum_subforum_count":0,"ngg_post_thumbnail":0,"footnotes":""},"class_list":["post-359","page","type-page","status-publish","hentry"],"_links":{"self":[{"href":"http:\/\/franco-tyrolien.at\/wordpress\/wp-json\/wp\/v2\/pages\/359"}],"collection":[{"href":"http:\/\/franco-tyrolien.at\/wordpress\/wp-json\/wp\/v2\/pages"}],"about":[{"href":"http:\/\/franco-tyrolien.at\/wordpress\/wp-json\/wp\/v2\/types\/page"}],"author":[{"embeddable":true,"href":"http:\/\/franco-tyrolien.at\/wordpress\/wp-json\/wp\/v2\/users\/1"}],"replies":[{"embeddable":true,"href":"http:\/\/franco-tyrolien.at\/wordpress\/wp-json\/wp\/v2\/comments?post=359"}],"version-history":[{"count":24,"href":"http:\/\/franco-tyrolien.at\/wordpress\/wp-json\/wp\/v2\/pages\/359\/revisions"}],"predecessor-version":[{"id":2588,"href":"http:\/\/franco-tyrolien.at\/wordpress\/wp-json\/wp\/v2\/pages\/359\/revisions\/2588"}],"up":[{"embeddable":true,"href":"http:\/\/franco-tyrolien.at\/wordpress\/wp-json\/wp\/v2\/pages\/352"}],"wp:attachment":[{"href":"http:\/\/franco-tyrolien.at\/wordpress\/wp-json\/wp\/v2\/media?parent=359"}],"curies":[{"name":"wp","href":"https:\/\/api.w.org\/{rel}","templated":true}]}}