{"id":361,"date":"2015-08-19T22:32:26","date_gmt":"2015-08-19T20:32:26","guid":{"rendered":"http:\/\/franco-tyrolien.at\/wordpress\/?page_id=361"},"modified":"2025-06-23T19:12:39","modified_gmt":"2025-06-23T17:12:39","slug":"verein","status":"publish","type":"page","link":"http:\/\/franco-tyrolien.at\/wordpress\/verein\/","title":{"rendered":"Der Verein"},"content":{"rendered":"<div data-colibri-id=\"361-c1\" class=\"style-358 style-local-361-c1 position-relative\">\r\n  <!---->\r\n  <div data-colibri-component=\"section\" data-colibri-id=\"361-c2\" id=\"content-2\" class=\"h-section h-section-global-spacing d-flex align-items-lg-center align-items-md-center align-items-center style-394 style-local-361-c2 position-relative\">\r\n    <!---->\r\n    <!---->\r\n    <div class=\"h-section-grid-container h-section-boxed-container\">\r\n      <!---->\r\n      <div data-colibri-id=\"361-c3\" class=\"h-row-container gutters-row-lg-2 gutters-row-md-2 gutters-row-2 gutters-row-v-lg-2 gutters-row-v-md-2 gutters-row-v-2 style-395 style-local-361-c3 position-relative\">\r\n        <!---->\r\n        <div class=\"h-row justify-content-lg-center justify-content-md-center justify-content-center align-items-lg-stretch align-items-md-stretch align-items-stretch gutters-col-lg-2 gutters-col-md-2 gutters-col-2 gutters-col-v-lg-2 gutters-col-v-md-2 gutters-col-v-2\">\r\n          <!---->\r\n          <div class=\"h-column h-column-container d-flex h-col-lg-auto h-col-md-auto h-col-auto style-396-outer style-local-361-c4-outer\">\r\n            <div data-colibri-id=\"361-c4\" class=\"d-flex h-flex-basis h-column__inner h-px-lg-0 h-px-md-0 h-px-2 v-inner-lg-0 v-inner-md-0 v-inner-2 style-396 style-local-361-c4 position-relative\">\r\n              <!---->\r\n              <!---->\r\n              <div class=\"w-100 h-y-container h-column__content h-column__v-align flex-basis-100 align-self-lg-center align-self-md-center align-self-center\">\r\n                <!---->\r\n                <div data-colibri-id=\"361-c5\" class=\"h-global-transition-all h-heading style-397 style-local-361-c5 position-relative h-element\">\r\n                  <!---->\r\n                  <div class=\"h-heading__outer style-397 style-local-361-c5\">\r\n                    <!---->\r\n                    <!---->\r\n                    <h3 class=\"\">Wer sind wir ? Qui sommes-nous ?<\/h3>\r\n                  <\/div>\r\n                <\/div>\r\n                <div data-colibri-id=\"361-c6\" class=\"h-lead h-text h-text-component style-398 style-local-361-c6 position-relative h-element\">\r\n                  <!---->\r\n                  <!---->\r\n                  <div class=\"\">\r\n                    <p>Das Institut franco-tyrolien d\u00b4Innsbruck setzt sich zum Ziel, die Beziehungen zwischen Frankreich und Tirol zu f\u00f6rdern.<\/p>\r\n                    <p> Dabei wird der kulturelle Austausch gepflegt, bestehende Netzwerke und Partnerschaften unterst\u00fctzt und Hilfestellung beim Aufbau neuer Kooperationen zwischen den L\u00e4ndern und Regionen geleistet. Die T\u00e4tigkeiten des Vereins sind nicht\r\n                      auf Gewinn ausgerichtet.<\/p>\r\n                    <p>&nbsp;<\/p>\r\n                    <p><em style=\"font-size: 14px; color: rgb(102, 102, 153);\">L\u2019<\/em><strong style=\"font-size: 14px; color: rgb(102, 102, 153);\"><em>Institut franco-tyrolien d\u2019Innsbruck<\/em><\/strong><em style=\"font-size: 14px; color: rgb(102, 102, 153);\">&nbsp;est une association \u00e0 but non lucratif dont l\u2019objectif est d\u2019enrichir et de faire na\u00eetre des \u00e9changes et partenariats entre la France et leTyrol.&nbsp;Pour cela, l\u2019association s\u2019appuie sur un ancrage local et tend \u00e0 d\u00e9velopper un rayonnement international.<\/em><\/p>\r\n                    <p>&nbsp;<\/p>\r\n                    <p>\r\n                      <br>\r\n                    <\/p>\r\n                  <\/div>\r\n                <\/div>\r\n                <div data-colibri-id=\"361-c7\" class=\"h-x-container style-399 style-local-361-c7 position-relative h-element\">\r\n                  <!---->\r\n                  <div class=\"h-x-container-inner style-dynamic-361-c7-group style-399-spacing style-local-361-c7-spacing\"><span class=\"h-button__outer style-400-outer style-local-361-c8-outer d-inline-flex h-element\"><a h-use-smooth-scroll=\"true\" href=\"http:\/\/franco-tyrolien.at\/wordpress\/mitglieder\/mitglieder-adherents\/\/\"  data-colibri-id=\"361-c8\" class=\"d-flex w-100 align-items-center h-button justify-content-lg-center justify-content-md-center justify-content-center style-400 style-local-361-c8 position-relative\"><!----><!----> <span>Mitglieder\/ adh\u00e9rents<\/span><\/a>\r\n                    <\/span>\r\n                  <\/div>\r\n                <\/div>\r\n              <\/div>\r\n            <\/div>\r\n          <\/div>\r\n          <div class=\"h-column h-column-container d-flex h-col-lg-auto h-col-md-auto h-col-auto style-401-outer style-local-361-c9-outer\">\r\n            <div data-colibri-id=\"361-c9\" class=\"d-flex h-flex-basis h-column__inner h-px-lg-0 h-px-md-2 h-px-0 v-inner-lg-0 v-inner-md-2 v-inner-0 style-401 style-local-361-c9 position-relative\">\r\n              <!---->\r\n              <!---->\r\n              <div class=\"w-100 h-y-container h-column__content h-column__v-align flex-basis-100 align-self-lg-center align-self-md-center align-self-center\">\r\n                <!---->\r\n                <div data-colibri-id=\"361-c10\" class=\"d-block style-402 style-local-361-c10 position-relative h-element\">\r\n                  <!---->\r\n                  <div class=\"h-image__frame-container-outer\">\r\n                    <div class=\"h-image__frame-container\">\r\n                      <!---->\r\n                      <!---->\r\n                      <img loading=\"lazy\" decoding=\"async\" width=\"512\" height=\"512\" src=\"http:\/\/franco-tyrolien.at\/wordpress\/wp-content\/uploads\/2015\/06\/cropped-Logo.jpg\" class=\"wp-image-344 style-402-image style-local-361-c10-image\" alt=\"\" srcset=\"http:\/\/franco-tyrolien.at\/wordpress\/wp-content\/uploads\/2015\/06\/cropped-Logo.jpg 512w, http:\/\/franco-tyrolien.at\/wordpress\/wp-content\/uploads\/2015\/06\/cropped-Logo-150x150.jpg 150w, http:\/\/franco-tyrolien.at\/wordpress\/wp-content\/uploads\/2015\/06\/cropped-Logo-500x500.jpg 500w, http:\/\/franco-tyrolien.at\/wordpress\/wp-content\/uploads\/2015\/06\/cropped-Logo-300x300.jpg 300w, http:\/\/franco-tyrolien.at\/wordpress\/wp-content\/uploads\/2015\/06\/cropped-Logo-270x270.jpg 270w, http:\/\/franco-tyrolien.at\/wordpress\/wp-content\/uploads\/2015\/06\/cropped-Logo-192x192.jpg 192w, http:\/\/franco-tyrolien.at\/wordpress\/wp-content\/uploads\/2015\/06\/cropped-Logo-180x180.jpg 180w, http:\/\/franco-tyrolien.at\/wordpress\/wp-content\/uploads\/2015\/06\/cropped-Logo-32x32.jpg 32w\" sizes=\"(max-width: 512px) 100vw, 512px\" \/>\r\n                      <div class=\"h-image__frame h-hide-sm style-402-frameImage style-local-361-c10-frameImage\"><\/div>\r\n                    <\/div>\r\n                  <\/div>\r\n                <\/div>\r\n              <\/div>\r\n            <\/div>\r\n          <\/div>\r\n        <\/div>\r\n      <\/div>\r\n    <\/div>\r\n  <\/div>\r\n  <div data-colibri-component=\"section\" data-colibri-id=\"361-c11\" id=\"overlappable\" class=\"h-section h-section-global-spacing d-flex align-items-lg-center align-items-md-center align-items-center style-403 style-local-361-c11 position-relative\">\r\n    <!---->\r\n    <!---->\r\n    <div class=\"h-section-grid-container h-section-boxed-container\">\r\n      <!---->\r\n      <div data-colibri-id=\"361-c12\" class=\"h-row-container gutters-row-lg-0 gutters-row-md-0 gutters-row-2 gutters-row-v-lg-0 gutters-row-v-md-0 gutters-row-v-2 style-404 style-local-361-c12 position-relative\">\r\n        <!---->\r\n        <div class=\"h-row justify-content-lg-center justify-content-md-center justify-content-center align-items-lg-stretch align-items-md-stretch align-items-stretch gutters-col-lg-0 gutters-col-md-0 gutters-col-2 gutters-col-v-lg-0 gutters-col-v-md-0 gutters-col-v-2\">\r\n          <!---->\r\n          <div class=\"h-column h-column-container d-flex h-col-lg-3 h-col-md-3 h-col-12 style-405-outer style-local-361-c13-outer\">\r\n            <div data-colibri-id=\"361-c13\" class=\"d-flex h-flex-basis h-column__inner h-px-lg-3 h-px-md-3 h-px-2 v-inner-lg-3 v-inner-md-3 v-inner-2 style-405 style-local-361-c13 position-relative\">\r\n              <!---->\r\n              <!---->\r\n              <div class=\"w-100 h-y-container h-column__content h-column__v-align flex-basis-100 align-self-lg-center align-self-md-center align-self-center\">\r\n                <!---->\r\n                <div data-colibri-id=\"361-c14\" class=\"h-icon style-406 style-local-361-c14 position-relative h-element\">\r\n                  <!---->\r\n                  <a href=\"http:\/\/franco-tyrolien.at\/wordpress\/verein\/vorstand\/\" h-use-smooth-scroll=\"true\"><span class=\"h-svg-icon h-icon__icon style-406-icon style-local-361-c14-icon\"><!--Icon by Icons8 Line Awesome (https:\/\/icons8.com\/line-awesome)--><svg version=\"1.1\" xmlns=\"http:\/\/www.w3.org\/2000\/svg\" xmlns:xlink=\"http:\/\/www.w3.org\/1999\/xlink\" id=\"sitemap\" viewBox=\"0 0 512 545.5\"><path d=\"M192 112h128v128h-48v32h160v64h48v128H352V336h48v-32H272v32h48v128H192V336h48v-32H112v32h48v128H32V336h48v-64h160v-32h-48V112zm32 32v64h64v-64h-64zM64 368v64h64v-64H64zm160 0v64h64v-64h-64zm160 0v64h64v-64h-64z\"><\/path><\/svg><\/span><\/a>\r\n                <\/div>\r\n                <div data-colibri-id=\"361-c15\" class=\"h-global-transition-all h-heading style-407 style-local-361-c15 position-relative h-element\">\r\n                  <!---->\r\n                  <div class=\"h-heading__outer style-407 style-local-361-c15\">\r\n                    <!---->\r\n                    <!---->\r\n                    <a href=\"http:\/\/franco-tyrolien.at\/wordpress\/verein\/vorstand\/\" h-use-smooth-scroll=\"true\">\r\n                      <h5 class=\"\">Vorstand<\/h5>\r\n                    <\/a>\r\n                  <\/div>\r\n                <\/div>\r\n                <div data-colibri-id=\"361-c16\" class=\"h-text h-text-component style-408 style-local-361-c16 position-relative h-element\">\r\n                  <!---->\r\n                  <!---->\r\n                  <div class=\"\">\r\n                    <p>Erfahren Sie mehr \u00fcber die Teammitglieder<\/p>\r\n                  <\/div>\r\n                <\/div>\r\n              <\/div>\r\n            <\/div>\r\n          <\/div>\r\n          <div class=\"h-column h-column-container d-flex h-col-lg-3 h-col-md-3 h-col-12 style-405-outer style-local-361-c17-outer\">\r\n            <div data-colibri-id=\"361-c17\" class=\"d-flex h-flex-basis h-column__inner h-px-lg-3 h-px-md-3 h-px-2 v-inner-lg-3 v-inner-md-3 v-inner-2 style-405 style-local-361-c17 position-relative\">\r\n              <!---->\r\n              <!---->\r\n              <div class=\"w-100 h-y-container h-column__content h-column__v-align flex-basis-100 align-self-lg-center align-self-md-center align-self-center\">\r\n                <!---->\r\n                <div data-colibri-id=\"361-c18\" class=\"h-icon style-406 style-local-361-c18 position-relative h-element\">\r\n                  <!---->\r\n                  <a href=\"http:\/\/franco-tyrolien.at\/wordpress\/verein\/statuten\/\" h-use-smooth-scroll=\"true\"><span class=\"h-svg-icon h-icon__icon style-406-icon style-local-361-c18-icon\"><!--Icon by Icons8 Line Awesome (https:\/\/icons8.com\/line-awesome)--><svg version=\"1.1\" xmlns=\"http:\/\/www.w3.org\/2000\/svg\" xmlns:xlink=\"http:\/\/www.w3.org\/1999\/xlink\" id=\"institution\" viewBox=\"0 0 512 545.5\"><path d=\"M256 94.5l6 2.5 192 80 10 4.5V224h-32v176h32v80H48v-80h32V224H48v-42.5l10-4.5 192-80zm0 35L106 192h300zM112 224v176h32V224h-32zm64 0v176h32V224h-32zm64 0v176h32V224h-32zm64 0v176h32V224h-32zm64 0v176h32V224h-32zM80 432v16h352v-16H80z\"><\/path><\/svg><\/span><\/a>\r\n                <\/div>\r\n                <div data-colibri-id=\"361-c19\" class=\"h-global-transition-all h-heading style-407 style-local-361-c19 position-relative h-element\">\r\n                  <!---->\r\n                  <div class=\"h-heading__outer style-407 style-local-361-c19\">\r\n                    <!---->\r\n                    <!---->\r\n                    <a href=\"http:\/\/franco-tyrolien.at\/wordpress\/verein\/statuten\/\" h-use-smooth-scroll=\"true\">\r\n                      <h5 class=\"\">Vereinstatuten<\/h5>\r\n                    <\/a>\r\n                  <\/div>\r\n                <\/div>\r\n                <div data-colibri-id=\"361-c20\" class=\"h-text h-text-component style-408 style-local-361-c20 position-relative h-element\">\r\n                  <!---->\r\n                  <!---->\r\n                  <div class=\"\">\r\n                    <p><span style=\"font-weight: 400; font-size: 16px; font-family: &quot;Open Sans&quot;; color: rgb(60, 65, 84);\">Hier finden Sie die&nbsp;Statuten des Vereins<\/span><\/p>\r\n                  <\/div>\r\n                <\/div>\r\n              <\/div>\r\n            <\/div>\r\n          <\/div>\r\n          <div class=\"h-column h-column-container d-flex h-col-lg-3 h-col-md-3 h-col-12 style-405-outer style-local-361-c21-outer\">\r\n            <div data-colibri-id=\"361-c21\" class=\"d-flex h-flex-basis h-column__inner h-px-lg-3 h-px-md-3 h-px-2 v-inner-lg-3 v-inner-md-3 v-inner-2 style-405 style-local-361-c21 position-relative\">\r\n              <!---->\r\n              <!---->\r\n              <div class=\"w-100 h-y-container h-column__content h-column__v-align flex-basis-100 align-self-lg-center align-self-md-center align-self-center\">\r\n                <!---->\r\n                <div data-colibri-id=\"361-c22\" class=\"h-icon style-406 style-local-361-c22 position-relative h-element\">\r\n                  <!---->\r\n                  <a href=\"http:\/\/franco-tyrolien.at\/wordpress\/verein\/impressum\/\" h-use-smooth-scroll=\"true\"><span class=\"h-svg-icon h-icon__icon style-406-icon style-local-361-c22-icon\"><!--Icon by Font Awesome (https:\/\/fontawesome.com)--><svg version=\"1.1\" xmlns=\"http:\/\/www.w3.org\/2000\/svg\" xmlns:xlink=\"http:\/\/www.w3.org\/1999\/xlink\" id=\"file-o\" viewBox=\"0 0 1611.2499 1896.0833\"><path d=\"M1468 380q28 28 48 76t20 88v1152q0 40-28 68t-68 28H96q-40 0-68-28t-28-68V96q0-40 28-68T96 0h896q40 0 88 20t76 48zm-444-244v376h376q-10-29-22-41l-313-313q-12-12-41-22zm384 1528V640H992q-40 0-68-28t-28-68V128H128v1536h1280z\"><\/path><\/svg><\/span><\/a>\r\n                <\/div>\r\n                <div data-colibri-id=\"361-c23\" class=\"h-global-transition-all h-heading style-407 style-local-361-c23 position-relative h-element\">\r\n                  <!---->\r\n                  <div class=\"h-heading__outer style-407 style-local-361-c23\">\r\n                    <!---->\r\n                    <!---->\r\n                    <a href=\"http:\/\/franco-tyrolien.at\/wordpress\/verein\/impressum\/\" h-use-smooth-scroll=\"true\">\r\n                      <h5 class=\"\">impressum<\/h5>\r\n                    <\/a>\r\n                  <\/div>\r\n                <\/div>\r\n                <div data-colibri-id=\"361-c24\" class=\"h-text h-text-component style-408 style-local-361-c24 position-relative h-element\">\r\n                  <!---->\r\n                  <!---->\r\n                  <div class=\"\">\r\n                    <p>Hier finden Sie das Impressum des Instituts<\/p>\r\n                  <\/div>\r\n                <\/div>\r\n              <\/div>\r\n            <\/div>\r\n          <\/div>\r\n          <div class=\"h-column h-column-container d-flex h-col-lg-3 h-col-md-3 h-col-12 style-409-outer style-local-361-c25-outer\">\r\n            <div data-colibri-id=\"361-c25\" class=\"d-flex h-flex-basis h-column__inner h-px-lg-3 h-px-md-3 h-px-2 v-inner-lg-3 v-inner-md-3 v-inner-2 style-409 style-local-361-c25 position-relative\">\r\n              <!---->\r\n              <!---->\r\n              <div class=\"w-100 h-y-container h-column__content h-column__v-align flex-basis-100 align-self-lg-center align-self-md-center align-self-center\">\r\n                <!---->\r\n                <div data-colibri-id=\"361-c26\" class=\"h-icon style-406 style-local-361-c26 position-relative h-element\">\r\n                  <!---->\r\n                  <a href=\"http:\/\/franco-tyrolien.at\/wordpress\/verein\/eroffnungszeiten\/\" h-use-smooth-scroll=\"true\"><span class=\"h-svg-icon h-icon__icon style-406-icon style-local-361-c26-icon\"><!--Icon by Icons8 Line Awesome (https:\/\/icons8.com\/line-awesome)--><svg version=\"1.1\" xmlns=\"http:\/\/www.w3.org\/2000\/svg\" xmlns:xlink=\"http:\/\/www.w3.org\/1999\/xlink\" id=\"clock-o\" viewBox=\"0 0 512 545.5\"><path d=\"M256 96c105.85 0 192 86.15 192 192s-86.15 192-192 192S64 393.85 64 288 150.15 96 256 96zm0 32c-88.555 0-160 71.445-160 160s71.445 160 160 160 160-71.445 160-160-71.445-160-160-160zm-16 32h32v112h80v32H240V160z\"><\/path><\/svg><\/span><\/a>\r\n                <\/div>\r\n                <div data-colibri-id=\"361-c27\" class=\"h-global-transition-all h-heading style-407 style-local-361-c27 position-relative h-element\">\r\n                  <!---->\r\n                  <div class=\"h-heading__outer style-407 style-local-361-c27\">\r\n                    <!---->\r\n                    <!---->\r\n                    <a href=\"http:\/\/franco-tyrolien.at\/wordpress\/verein\/eroffnungszeiten\/\" h-use-smooth-scroll=\"true\">\r\n                      <h5 class=\"\">offnungszeiten<\/h5>\r\n                    <\/a>\r\n                  <\/div>\r\n                <\/div>\r\n                <div data-colibri-id=\"361-c28\" class=\"h-text h-text-component style-408 style-local-361-c28 position-relative h-element\">\r\n                  <!---->\r\n                  <!---->\r\n                  <div class=\"\">\r\n                    <p>Unsere Offnungszeiten<\/p>\r\n                  <\/div>\r\n                <\/div>\r\n              <\/div>\r\n            <\/div>\r\n          <\/div>\r\n        <\/div>\r\n      <\/div>\r\n    <\/div>\r\n  <\/div>\r\n<\/div>","protected":false},"excerpt":{"rendered":"<p>Wer sind wir ? Qui sommes-nous ? Das Institut franco-tyrolien d\u00b4Innsbruck setzt sich zum Ziel, die Beziehungen zwischen Frankreich und Tirol zu f\u00f6rdern. Dabei wird der kulturelle Austausch gepflegt, bestehende [&hellip;]<\/p>\n","protected":false},"author":1,"featured_media":0,"parent":0,"menu_order":1,"comment_status":"closed","ping_status":"closed","template":"page-templates\/full-width-page.php","meta":{"_bbp_topic_count":0,"_bbp_reply_count":0,"_bbp_total_topic_count":0,"_bbp_total_reply_count":0,"_bbp_voice_count":0,"_bbp_anonymous_reply_count":0,"_bbp_topic_count_hidden":0,"_bbp_reply_count_hidden":0,"_bbp_forum_subforum_count":0,"ngg_post_thumbnail":0,"footnotes":""},"class_list":["post-361","page","type-page","status-publish","hentry"],"_links":{"self":[{"href":"http:\/\/franco-tyrolien.at\/wordpress\/wp-json\/wp\/v2\/pages\/361"}],"collection":[{"href":"http:\/\/franco-tyrolien.at\/wordpress\/wp-json\/wp\/v2\/pages"}],"about":[{"href":"http:\/\/franco-tyrolien.at\/wordpress\/wp-json\/wp\/v2\/types\/page"}],"author":[{"embeddable":true,"href":"http:\/\/franco-tyrolien.at\/wordpress\/wp-json\/wp\/v2\/users\/1"}],"replies":[{"embeddable":true,"href":"http:\/\/franco-tyrolien.at\/wordpress\/wp-json\/wp\/v2\/comments?post=361"}],"version-history":[{"count":6,"href":"http:\/\/franco-tyrolien.at\/wordpress\/wp-json\/wp\/v2\/pages\/361\/revisions"}],"predecessor-version":[{"id":2191,"href":"http:\/\/franco-tyrolien.at\/wordpress\/wp-json\/wp\/v2\/pages\/361\/revisions\/2191"}],"wp:attachment":[{"href":"http:\/\/franco-tyrolien.at\/wordpress\/wp-json\/wp\/v2\/media?parent=361"}],"curies":[{"name":"wp","href":"https:\/\/api.w.org\/{rel}","templated":true}]}}