{"id":376,"date":"2015-08-19T23:10:07","date_gmt":"2015-08-19T21:10:07","guid":{"rendered":"http:\/\/franco-tyrolien.at\/wordpress\/?page_id=376"},"modified":"2019-05-01T22:48:36","modified_gmt":"2019-05-01T20:48:36","slug":"unsere-sponsoren","status":"publish","type":"page","link":"http:\/\/franco-tyrolien.at\/wordpress\/links\/unsere-sponsoren\/","title":{"rendered":"Sponsoren \/ Sponsors"},"content":{"rendered":"<p><strong>Unsere Sponsoren&nbsp; \ud83d\ude42&nbsp;<\/strong><\/p>\n<p>Val\u00e8re Staraselski :<a href=\"http:\/\/valerestaraselski.net\/site\/\">&nbsp;valerestaraselski.net\/site\/&nbsp;<br \/>\n<\/a>Travel Europe :&nbsp;<a href=\"http:\/\/www.traveleurope.cc\/de\/\">http:\/\/www.traveleurope.cc\/de\/<br \/>\n<\/a>Stadt Innsbruck<br \/>\nLand Tirol<br \/>\nLactalis :&nbsp;<a href=\"http:\/\/www.lactalis.at\">http:\/\/www.lactalis.at<br \/>\n<\/a>Baguette V\u00f6ls<br \/>\nH\u00f6rtnagl Innsbruck :&nbsp;<a href=\"http:\/\/www.hoertnagl.at\/passage\/\">http:\/\/www.hoertnagl.at\/passage\/<\/a><\/p>\n<p><span id=\"result_box\" class=\"\" lang=\"de\"><span title=\"Pourquoi soutenir l\u2019association \"><strong>Warum den Verein unterst\u00fctzen?&nbsp;<\/strong><\/span><\/span><\/p>\n<p>Die Stadt Innsbruck erm\u00f6glicht uns, die historischen R\u00e4umlichkeiten im Innsbrucker Stadtturm f\u00fcr &nbsp;unsere &nbsp;Arbeit &nbsp;zu g\u00fcnstigen Konditionen zu nutzen. Um die von uns verfolgten Zielsetzungen zu erreichen, ben\u00f6tigt das Institut franco-tyrolien auch&nbsp;Ihre Unterst\u00fctzung.<\/p>\n<p>&#8211; Voraussetzung f\u00fcr die Abwicklung des <strong>umfassende Jahresprogramm<\/strong> mit seinen Veranstaltungen ist eine solide finanzielle Basis, zus\u00e4tzliche R\u00e4umlichkeiten m\u00fcssen fallweise angemietet, Reservierungen in Verbindung mit finanziellen Garantien Monate im Voraus abgegeben und Drucksachen bezahlt werden.<\/p>\n<p>&#8211; Entsprechend der kulturellen Zielsetzungen sollen <strong>qualifizierte Pers\u00f6nlichkeiten<\/strong> aus dem kulturellen und geistigen Leben zu den Aktivit\u00e4ten des Vereines eingeladen werden. Unsere G\u00e4ste m\u00fcssen untergebracht und Aufwandsentsch\u00e4digungen und Honorare bezahlt werden.<\/p>\n<p>&#8211;&nbsp;zus\u00e4tzlich zu den R\u00e4umlichkeiten ben\u00f6tigt das Institut auch eine <strong>technische&nbsp; Infrastruktur<\/strong>: eine zur Abwicklung des Programms taugliche EDV-Ausstattung, B\u00fcromaterial und Kommunikationsmittel.<\/p>\n<p><span style=\"color: #666699;\"><em><strong>Pourquoi soutenir l\u2019association ?<\/strong><\/em><\/span><\/p>\n<p><span style=\"color: #666699;\"><em>Pour permettre son fonctionnement, l\u2019association ne\u0301cessite une tre\u0301sorerie re\u0301active. Ces fonds permettent notamment de :<\/em><\/span><\/p>\n<p><span style=\"color: #666699;\"><em>&#8211; &nbsp;S&#8217;acquitter du loyer des&nbsp;<strong>locaux<\/strong> historiques du Stadtturm mis \u00e0 disposition gr\u00e2ce au partenariat avec la ville. D&#8217;une mani\u00e8re g\u00e9n\u00e9rale, l&#8217;association souhaite se d\u00e9velopper avec le soutien des institutions municipales et r\u00e9gionales.<\/em><\/span><\/p>\n<p><span style=\"color: #666699;\"><em>&#8211; \u00c9tablir un programme a\u0300 <strong>long terme<\/strong>. Certains e\u0301ve\u0301nements ne\u0301cessitent des re\u0301servations et des garanties financie\u0300res plusieurs mois a\u0300 l\u2019avance que doit permettre la tre\u0301sorerie.<\/em><\/span><\/p>\n<p><span style=\"color: #666699;\"><em>&#8211; Proposer des e\u0301ve\u0300nements de qualite\u0301 anime\u0301s par des <strong>professionnels<\/strong>. Une partie des activite\u0301s de l\u2019institut a une porte\u0301e culturelle. De ce fait, il est essentiel que celles-ci soient encadre\u0301es par des intervenants qualifie\u0301s, invite\u0301s par l\u2019association.<\/em><\/span><\/p>\n<p><span style=\"color: #666699;\"><em>&#8211; \u00c9quiper l\u2019institut de <strong>mate\u0301riel<\/strong>. Outre les locaux, le fonctionnement de l\u2019association ne\u0301cessite par exemple la mise en place d\u2019un e\u0301quipement informatique performant et la production re\u0301gulie\u0300re de supports de communication.<\/em><\/span><\/p>\n<p>&nbsp;<\/p>\n","protected":false},"excerpt":{"rendered":"<p>Unsere Sponsoren&nbsp; \ud83d\ude42&nbsp; Val\u00e8re Staraselski :&nbsp;valerestaraselski.net\/site\/&nbsp; Travel Europe :&nbsp;http:\/\/www.traveleurope.cc\/de\/ Stadt Innsbruck Land Tirol Lactalis :&nbsp;http:\/\/www.lactalis.at Baguette V\u00f6ls H\u00f6rtnagl Innsbruck :&nbsp;http:\/\/www.hoertnagl.at\/passage\/ Warum den Verein unterst\u00fctzen?&nbsp; Die Stadt Innsbruck erm\u00f6glicht uns, die [&hellip;]<\/p>\n","protected":false},"author":1,"featured_media":0,"parent":316,"menu_order":1,"comment_status":"closed","ping_status":"closed","template":"","meta":{"_bbp_topic_count":0,"_bbp_reply_count":0,"_bbp_total_topic_count":0,"_bbp_total_reply_count":0,"_bbp_voice_count":0,"_bbp_anonymous_reply_count":0,"_bbp_topic_count_hidden":0,"_bbp_reply_count_hidden":0,"_bbp_forum_subforum_count":0,"ngg_post_thumbnail":0,"footnotes":""},"class_list":["post-376","page","type-page","status-publish","hentry"],"_links":{"self":[{"href":"http:\/\/franco-tyrolien.at\/wordpress\/wp-json\/wp\/v2\/pages\/376"}],"collection":[{"href":"http:\/\/franco-tyrolien.at\/wordpress\/wp-json\/wp\/v2\/pages"}],"about":[{"href":"http:\/\/franco-tyrolien.at\/wordpress\/wp-json\/wp\/v2\/types\/page"}],"author":[{"embeddable":true,"href":"http:\/\/franco-tyrolien.at\/wordpress\/wp-json\/wp\/v2\/users\/1"}],"replies":[{"embeddable":true,"href":"http:\/\/franco-tyrolien.at\/wordpress\/wp-json\/wp\/v2\/comments?post=376"}],"version-history":[{"count":20,"href":"http:\/\/franco-tyrolien.at\/wordpress\/wp-json\/wp\/v2\/pages\/376\/revisions"}],"predecessor-version":[{"id":1447,"href":"http:\/\/franco-tyrolien.at\/wordpress\/wp-json\/wp\/v2\/pages\/376\/revisions\/1447"}],"up":[{"embeddable":true,"href":"http:\/\/franco-tyrolien.at\/wordpress\/wp-json\/wp\/v2\/pages\/316"}],"wp:attachment":[{"href":"http:\/\/franco-tyrolien.at\/wordpress\/wp-json\/wp\/v2\/media?parent=376"}],"curies":[{"name":"wp","href":"https:\/\/api.w.org\/{rel}","templated":true}]}}