{"id":569,"date":"2015-08-26T18:35:45","date_gmt":"2015-08-26T16:35:45","guid":{"rendered":"http:\/\/franco-tyrolien.at\/wordpress\/?page_id=569"},"modified":"2022-09-13T11:40:36","modified_gmt":"2022-09-13T09:40:36","slug":"delf-scolaire","status":"publish","type":"page","link":"http:\/\/franco-tyrolien.at\/wordpress\/delfdalf\/delf-scolaire\/","title":{"rendered":"DELF scolaire"},"content":{"rendered":"<p>La session du delf scolaire du 09 et 10 mars 2021 a \u00e9t\u00e9 annul\u00e9e \u00e0 cause de la crise sanitaire.<\/p>\n<p>La prochaine session aura lieu en mars 2022<\/p>\n<p>Merci pour votre compr\u00e9hension<\/p>\n<p>&nbsp;<\/p>\n<p>Kontaktperson:<br \/>\nMag. B\u00e9atrice Gaigg<br \/>\n<a href=\"mailto:delf-dalf@franco-tyrolien.at\" target=\"_blank\" rel=\"noopener\">delf-dalf@franco-tyrolien.at<br \/>\n<\/a>+43 660 204 1972<\/p>\n<hr>\n<p style=\"text-align: center;\">&nbsp;<\/p>\n<hr>\n<p>&nbsp;<\/p>\n","protected":false},"excerpt":{"rendered":"<p>La session du delf scolaire du 09 et 10 mars 2021 a \u00e9t\u00e9 annul\u00e9e \u00e0 cause de la crise sanitaire. La prochaine session aura lieu en mars 2022 Merci pour [&hellip;]<\/p>\n","protected":false},"author":1,"featured_media":0,"parent":594,"menu_order":1,"comment_status":"closed","ping_status":"closed","template":"","meta":{"_bbp_topic_count":0,"_bbp_reply_count":0,"_bbp_total_topic_count":0,"_bbp_total_reply_count":0,"_bbp_voice_count":0,"_bbp_anonymous_reply_count":0,"_bbp_topic_count_hidden":0,"_bbp_reply_count_hidden":0,"_bbp_forum_subforum_count":0,"ngg_post_thumbnail":0,"footnotes":""},"class_list":["post-569","page","type-page","status-publish","hentry"],"_links":{"self":[{"href":"http:\/\/franco-tyrolien.at\/wordpress\/wp-json\/wp\/v2\/pages\/569"}],"collection":[{"href":"http:\/\/franco-tyrolien.at\/wordpress\/wp-json\/wp\/v2\/pages"}],"about":[{"href":"http:\/\/franco-tyrolien.at\/wordpress\/wp-json\/wp\/v2\/types\/page"}],"author":[{"embeddable":true,"href":"http:\/\/franco-tyrolien.at\/wordpress\/wp-json\/wp\/v2\/users\/1"}],"replies":[{"embeddable":true,"href":"http:\/\/franco-tyrolien.at\/wordpress\/wp-json\/wp\/v2\/comments?post=569"}],"version-history":[{"count":10,"href":"http:\/\/franco-tyrolien.at\/wordpress\/wp-json\/wp\/v2\/pages\/569\/revisions"}],"predecessor-version":[{"id":2622,"href":"http:\/\/franco-tyrolien.at\/wordpress\/wp-json\/wp\/v2\/pages\/569\/revisions\/2622"}],"up":[{"embeddable":true,"href":"http:\/\/franco-tyrolien.at\/wordpress\/wp-json\/wp\/v2\/pages\/594"}],"wp:attachment":[{"href":"http:\/\/franco-tyrolien.at\/wordpress\/wp-json\/wp\/v2\/media?parent=569"}],"curies":[{"name":"wp","href":"https:\/\/api.w.org\/{rel}","templated":true}]}}