{"id":571,"date":"2015-08-26T18:42:36","date_gmt":"2015-08-26T16:42:36","guid":{"rendered":"http:\/\/franco-tyrolien.at\/wordpress\/?page_id=571"},"modified":"2026-03-11T11:59:04","modified_gmt":"2026-03-11T10:59:04","slug":"delf-dalf-tout-public","status":"publish","type":"page","link":"http:\/\/franco-tyrolien.at\/wordpress\/delfdalf\/delf-dalf-tout-public\/","title":{"rendered":"DELF \/ DALF Tout public"},"content":{"rendered":"<div class=\"layout-content-and-sidebars\">\n<div class=\"layout-content\">\n<div id=\"block-ifa-theme-content\" class=\"block\">\n<article data-history-node-id=\"92\">\n<div class=\"field field--name-body field--type-text-with-summary field--label-hidden clearfix\">\n<p class=\"text-align-justify\">&nbsp;<\/p>\n<\/div>\n<\/article>\n<\/div>\n<\/div>\n<\/div>\n<p>Die n\u00e4chsten DELF-DALF-Pr\u00fcfungen werden im Mai 2026 im Institut franco-tyrolien d&#8217;Innsbruck &#8211; Herzog-Friedrich-Strasse 15&nbsp; stattfinden. Die schriftlichen und m\u00fcndlichen Pr\u00fcfungstermine k\u00f6nnen der folgenden Tabelle entnommen werden : &nbsp;<\/p>\n<p>A1: Montag, 18. Mai 2026<\/p>\n<p>A2: Montag, 18 Mai 2026<\/p>\n<p>B1: Dienstag, 19. Mai 2026&nbsp;<\/p>\n<p>B2: Mittwoch, 20 Mai 2026<\/p>\n<p>C1: Donnerstag, 21. Mai 2026<\/p>\n<p>C2: Freitag, 22. Mai 2026<\/p>\n<p>&nbsp;<\/p>\n<p>&nbsp;<\/p>\n<p class=\"text-align-justify\">Bitte melden Sie sich im Zeitraum vom&nbsp;<strong>16. Februar bis zum 7. April 2026&nbsp;<\/strong><a href=\"https:\/\/www.institutfrancais.at\/examinations#\/\"><strong>hier f\u00fcr die DELF und DALF Pr\u00fcfungen<\/strong>&nbsp;<strong>an<\/strong><\/a>&nbsp;(weitere Informationen zur Anmeldung finden Sie unten). Sp\u00e4ter eingehende Anmeldungen k\u00f6nnen leider nicht ber\u00fccksichtigt werden. Um einen&nbsp;<strong>reduzierten Tarif zu erhalten,<\/strong>&nbsp;wenden Sie sich vor der Zahlung an&nbsp;<a href=\"mailto:delfdalf@institutfr.at\">delfdalf@institutfr.at<\/a>. Bei der Anmeldung auf Rechnung w\u00e4hlen. DANKE!<\/p>\n<p>&nbsp;<\/p>\n<div class=\"layout-content-and-sidebars\">\n<div class=\"layout-content\">\n<div id=\"block-ifa-theme-content\" class=\"block\">\n<article role=\"article\" data-history-node-id=\"89\">\n<div class=\"field field--name-body field--type-text-with-summary field--label-hidden clearfix\">\n<h2 class=\"text-align-justify\">ANMELDUNG ZUR PR\u00dcFUNG<\/h2>\n<p class=\"text-align-justify\">Bitte melden Sie sich innerhalb der Anmeldungsperiode<a href=\"https:\/\/ifautriche.extranet-aec.com\/examinations\/view\/delf#\/\">&nbsp;<\/a><a href=\"https:\/\/ifautriche.extranet-aec.com\/examinations\/view\/all#\/\"><strong>hier f\u00fcr die DELF und DALF Pr\u00fcfungen<\/strong>&nbsp;an<\/a>.<\/p>\n<p class=\"text-align-justify\">Falls Sie Anspruch auf einen Preisnachlass haben, laden Sie den entsprechenden Nachweis im Zuge der Anmeldung hoch.<\/p>\n<p class=\"text-align-justify\"><strong>Bei Problemen w\u00e4hrend der Anmeldung kontaktieren Sie uns bitte, bevor Sie mit dem Anmeldeprozess fortfahren.<\/strong><\/p>\n<p class=\"text-align-justify\"><strong>Ihre Anmeldung wird erst ber\u00fccksichtigt, wenn die Pr\u00fcfungsgeb\u00fchr \u00fcberwiesen wurde<\/strong>. Anspruch auf&nbsp; R\u00fcckerstattung besteht nur in Ausnahmef\u00e4llen gegen Vorlage einer \u00e4rztlichen Best\u00e4tigung.&nbsp;<\/p>\n<p class=\"text-align-justify\">Sie erhalten sp\u00e4testens eine Woche vor dem Pr\u00fcfungstermin Ihre Einladung zur Pr\u00fcfung&nbsp;per E-Mail zugesendet. Bitte \u00fcberpr\u00fcfen Sie hierf\u00fcr auch den Spam-Ordner Ihres Postfachs.&nbsp;<\/p>\n<h3 class=\"text-align-justify\">Preise<\/h3>\n<table class=\"table\">\n<tbody>\n<tr>\n<td><strong>Niveau&nbsp;<\/strong><\/td>\n<td><strong>Volltarif (1)<\/strong><\/td>\n<td><strong>Studierende (2)<\/strong><\/td>\n<td><strong>Kursteilnehmende IFA (3)<\/strong><\/td>\n<td><strong>Partner (4)<\/strong><\/td>\n<td><strong>FH BFI Wien (5)<\/strong><\/td>\n<td><strong>Universit\u00e4t Salzburg (5)<\/strong><\/td>\n<\/tr>\n<tr>\n<td>A1<\/td>\n<td>\u20ac 130<\/td>\n<td>\u20ac 104&nbsp;<\/td>\n<td>\u20ac 91<\/td>\n<td>\u20ac 78<\/td>\n<td>\u20ac 72<\/td>\n<td>\u20ac 65<\/td>\n<\/tr>\n<tr>\n<td>A2<\/td>\n<td>\u20ac 140<\/td>\n<td>\u20ac 112<\/td>\n<td>\u20ac98<\/td>\n<td>\u20ac 84<\/td>\n<td>\u20ac 72<\/td>\n<td>\u20ac 70<\/td>\n<\/tr>\n<tr>\n<td>B1<\/td>\n<td>\u20ac 170<\/td>\n<td>\u20ac 136<\/td>\n<td>\u20ac 119<\/td>\n<td>\u20ac 102<\/td>\n<td>\u20ac 90<\/td>\n<td>\u20ac 85<\/td>\n<\/tr>\n<tr>\n<td>B2<\/td>\n<td>\u20ac 190&nbsp;<\/td>\n<td>\u20ac 152<\/td>\n<td>\u20ac 133<\/td>\n<td>\u20ac 114<\/td>\n<td>\u20ac 96<\/td>\n<td>\u20ac 95<\/td>\n<\/tr>\n<tr>\n<td>C1<\/td>\n<td>\u20ac210<\/td>\n<td>\u20ac 168<\/td>\n<td>\u20ac 147<\/td>\n<td>\u20ac 126<\/td>\n<td>\u20ac 102<\/td>\n<td>\u20ac 105<\/td>\n<\/tr>\n<tr>\n<td>C2<\/td>\n<td>\u20ac 220<\/td>\n<td>\u20ac 176<\/td>\n<td>\u20ac 154<\/td>\n<td>\u20ac 132<\/td>\n<td>\u20ac 108<\/td>\n<td>\u20ac 110<\/td>\n<\/tr>\n<\/tbody>\n<\/table>\n<h3 class=\"text-align-justify\">&nbsp;<\/h3>\n<p class=\"text-align-justify\">(1) Einzelkandidat*innen ohne Erm\u00e4\u00dfigung<br \/>\n(2) Diplomatische Akademie Wien und Einzelkandidat*innen mit Nachweis (Kopie des Studierenden- bzw. Sch\u00fclerausweises)<br \/>\n(3) ausgenommen DELF-DALF-Vorbereitungskurse<br \/>\n(4) Kursteilnehmer*innen des IFA, die einen DELF-DALF-Vorbereitungskurs besuchen, sowie Institut franco-tyrolien<br \/>\n(5) gem\u00e4\u00df der spezifischen Vereinbarung mit dem Partner<\/p>\n<p class=\"text-align-justify\">&nbsp;<\/p>\n<h3 class=\"text-align-justify\">Wie kann ich mich vorbereiten?<\/h3>\n<p class=\"text-align-justify\">Sie k\u00f6nnen einen Vorbereitungskurs am &nbsp;<a title=\"IFTI\" href=\"http:\/\/franco-tyrolien.at\/wordpress\/\">Institut franco-tyrolien in Innsbruck<\/a>&nbsp;besuchen oder sich eigenst\u00e4ndig auf die Pr\u00fcfung vorbereiten. Hier ist eine&nbsp;&nbsp;<a tabindex=\"-1\" title=\"Bibliographie DELF B\u00fccher\" href=\"https:\/\/liseo.france-education-international.fr\/site\/bibliographies\/bibliographie-ressources-preparation-delf-dalf.pdf\">Bibliographie.<\/a>&nbsp; Vorbereitungsmodule k\u00f6nnen Sie auch auf <a href=\"https:\/\/www.culturetheque.com\/AUT\/doc\/TOUTAPPRENDRE\/7394\/delf-francais-preparation-a-l-examen\" target=\"_blank\" rel=\"noopener\" data-saferedirecturl=\"https:\/\/www.google.com\/url?q=https:\/\/www.culturetheque.com\/AUT\/doc\/TOUTAPPRENDRE\/7394\/delf-francais-preparation-a-l-examen&amp;source=gmail&amp;ust=1632301472805000&amp;usg=AFQjCNF2Nd1Y8CRlRluoU4wmXVIgNgq7hQ\">Cultureth\u00e8que<\/a>&nbsp;finden.<\/p>\n<h3 class=\"text-align-justify\"><strong>Wie l\u00e4uft die DELF-DALF-Pr\u00fcfung ab?<\/strong><\/h3>\n<p class=\"text-align-justify\">Bei jedem Niveau werden die 4 Sprachkompetenzen (H\u00f6rverst\u00e4ndnis, Leseverst\u00e4ndnis, Schreiben und Sprachverwendung) im Kontext gepr\u00fcft.<\/p>\n<div class=\"layout-content-and-sidebars\">\n<div class=\"layout-content\">\n<div>\n<div id=\"block-ifa-theme-content\" class=\"block\">\n<article data-history-node-id=\"92\">\n<div>\n<div class=\"field field--name-body field--type-text-with-summary field--label-hidden clearfix\">\n<p class=\"text-align-justify\"><img loading=\"lazy\" decoding=\"async\" src=\"https:\/\/www.institutfrancais.at\/sites\/default\/files\/inline-images\/Capture%20duree%20des%20epreuves_0.PNG\" alt=\"duree epreuves DELF TP\" width=\"422\" height=\"296\" data-entity-uuid=\"30f2a82d-2bd6-4f89-9d72-65c501c0fae9\" data-entity-type=\"file\"><\/p>\n<p class=\"text-align-justify\">Jede Sprachkompetenz wird auf 25 Punkte benotet.&nbsp;Sie m\u00fcssen mind. 5 Punkte in jeder Kompetenz haben. Insgesamt m\u00fcssen Sie mindestens 50 Punkte von 100 erreichen, um die Pr\u00fcfung zu bestehen.<\/p>\n<p class=\"text-align-justify\">&nbsp;<\/p>\n<\/div>\n<\/div>\n<\/article>\n<\/div>\n<\/div>\n<\/div>\n<\/div>\n<p>&nbsp;<\/p>\n<\/div>\n<div class=\"field field--name-body field--type-text-with-summary field--label-hidden clearfix\">\n<h2>Noch Fragen?&nbsp;<\/h2>\n<p>Kontaktieren Sie uns. Wir helfen gerne weiter.<\/p>\n<p class=\"text-align-justify\">Institut franco-tyrolien Innsbruck<br \/>\nMag. B\u00e9atrice Gaigg<br \/>\n<a href=\"tel:+4367761101873\"> +43 (0) 660 204 1972<\/a><br \/>\n<a href=\"mailto:delf-dalf@franco-tyrolien.at\">&nbsp;delf-dalf@franco-tyrolien.at<\/a><\/p>\n<p>&nbsp;<\/p>\n<p>&nbsp;<\/p>\n<p>&nbsp;<\/p>\n<p><img loading=\"lazy\" decoding=\"async\" src=\"https:\/\/institutfrancais.at\/sites\/default\/files\/inline-images\/IFA_logo_2018%20Schwarz%20blau.png\" alt=\"logo IFA\" width=\"139\" height=\"77\" data-entity-type=\"file\" data-entity-uuid=\"0774ce43-ceb5-4449-ac97-9d6c870f8942\">&nbsp;&nbsp;<a href=\"http:\/\/franceautriche.at\/\" target=\"_blank\" rel=\"noopener\"><img loading=\"lazy\" decoding=\"async\" src=\"https:\/\/institutfrancais.at\/sites\/default\/files\/inline-images\/Logo%20Soci%C3%A9t%C3%A9%20France%20Autriche%20Graz.png\" alt=\"France Autriche Graz\" width=\"90\" height=\"90\" data-entity-type=\"file\" data-entity-uuid=\"e7d16508-5c48-49ac-b23e-03aff4798a9c\"><\/a>&nbsp; &nbsp;&nbsp;<a href=\"http:\/\/www.franco-tyrolien.at\/\" target=\"_blank\" rel=\"noopener\"><img loading=\"lazy\" decoding=\"async\" src=\"https:\/\/institutfrancais.at\/sites\/default\/files\/inline-images\/Institut%20franco-tyrolien_Logo.jpg\" alt=\"logo franco\" width=\"83\" height=\"90\" data-entity-type=\"file\" data-entity-uuid=\"ac54a199-2cae-46c4-ada8-691a4763b5f5\"><\/a>&nbsp; &nbsp;&nbsp;&nbsp; &nbsp;<img loading=\"lazy\" decoding=\"async\" src=\"https:\/\/institutfrancais.at\/sites\/default\/files\/inline-images\/FH%20BFI_logo_blue.png\" alt=\"FH BFI\" width=\"151\" height=\"84\" data-entity-type=\"file\" data-entity-uuid=\"cede7760-6130-460c-8832-bb6cd6bba9ce\">&nbsp;&nbsp; &nbsp; &nbsp;<em><a href=\"https:\/\/www.uni-salzburg.at\/\" target=\"_blank\" rel=\"noopener\"><img decoding=\"async\" src=\"https:\/\/institutfrancais.at\/sites\/default\/files\/inline-images\/Universit%C3%A4t%20Salzburg_Logo_0.gif\" alt=\"logo universit\u00e4t salzburg\" data-entity-type=\"file\" data-entity-uuid=\"0f6b8b93-9db2-48f4-8c99-d0d72b21c7b9\"><\/a><\/em><\/p>\n<p>&nbsp;<\/p>\n<\/div>\n<\/article>\n<div class=\"clearfix\">&nbsp;<\/div>\n<\/div>\n<\/div>\n<aside class=\"layout-sidebar-second\" role=\"complementary\">\n<div>&nbsp;<\/div>\n<\/aside>\n<\/div>\n<p>&nbsp;<\/p>\n<hr>\n<p style=\"text-align: center;\"><a href=\"http:\/\/franco-tyrolien.at\/wordpress\/wp-content\/uploads\/2015\/08\/Formulaire-inscription-TP-Janvier-2016-Mme-Gaigg-3.doc\" target=\"_blank\" rel=\"noopener\"><br \/>\n<\/a><a href=\"http:\/\/franco-tyrolien.at\/wordpress\/wp-content\/uploads\/2015\/08\/Formulaire-inscription-TP-Janvier-2016-Mme-Gaigg-3.doc\" target=\"_blank\" rel=\"noopener\"><br \/>\n<\/a><\/p>\n<hr>\n<p style=\"text-align: center;\">&nbsp;<\/p>\n","protected":false},"excerpt":{"rendered":"<p>&nbsp; Die n\u00e4chsten DELF-DALF-Pr\u00fcfungen werden im Mai 2026 im Institut franco-tyrolien d&#8217;Innsbruck &#8211; Herzog-Friedrich-Strasse 15&nbsp; stattfinden. Die schriftlichen und m\u00fcndlichen Pr\u00fcfungstermine k\u00f6nnen der folgenden Tabelle entnommen werden : &nbsp; A1: [&hellip;]<\/p>\n","protected":false},"author":1,"featured_media":0,"parent":594,"menu_order":2,"comment_status":"closed","ping_status":"closed","template":"","meta":{"_bbp_topic_count":0,"_bbp_reply_count":0,"_bbp_total_topic_count":0,"_bbp_total_reply_count":0,"_bbp_voice_count":0,"_bbp_anonymous_reply_count":0,"_bbp_topic_count_hidden":0,"_bbp_reply_count_hidden":0,"_bbp_forum_subforum_count":0,"ngg_post_thumbnail":0,"footnotes":""},"class_list":["post-571","page","type-page","status-publish","hentry"],"_links":{"self":[{"href":"http:\/\/franco-tyrolien.at\/wordpress\/wp-json\/wp\/v2\/pages\/571"}],"collection":[{"href":"http:\/\/franco-tyrolien.at\/wordpress\/wp-json\/wp\/v2\/pages"}],"about":[{"href":"http:\/\/franco-tyrolien.at\/wordpress\/wp-json\/wp\/v2\/types\/page"}],"author":[{"embeddable":true,"href":"http:\/\/franco-tyrolien.at\/wordpress\/wp-json\/wp\/v2\/users\/1"}],"replies":[{"embeddable":true,"href":"http:\/\/franco-tyrolien.at\/wordpress\/wp-json\/wp\/v2\/comments?post=571"}],"version-history":[{"count":47,"href":"http:\/\/franco-tyrolien.at\/wordpress\/wp-json\/wp\/v2\/pages\/571\/revisions"}],"predecessor-version":[{"id":4498,"href":"http:\/\/franco-tyrolien.at\/wordpress\/wp-json\/wp\/v2\/pages\/571\/revisions\/4498"}],"up":[{"embeddable":true,"href":"http:\/\/franco-tyrolien.at\/wordpress\/wp-json\/wp\/v2\/pages\/594"}],"wp:attachment":[{"href":"http:\/\/franco-tyrolien.at\/wordpress\/wp-json\/wp\/v2\/media?parent=571"}],"curies":[{"name":"wp","href":"https:\/\/api.w.org\/{rel}","templated":true}]}}