{"id":88,"date":"2015-07-22T17:49:35","date_gmt":"2015-07-22T15:49:35","guid":{"rendered":"http:\/\/franco-tyrolien.at\/wordpress\/?page_id=88"},"modified":"2024-02-04T20:46:09","modified_gmt":"2024-02-04T19:46:09","slug":"inscription","status":"publish","type":"page","link":"http:\/\/franco-tyrolien.at\/wordpress\/mitglieder\/inscription\/","title":{"rendered":"Mitgliedschaft \/ Devenir adh\u00e9rent"},"content":{"rendered":"<p><span style=\"font-size: 14px;\"><strong><span id=\"result_box\" class=\"\" lang=\"de\"><span class=\"hps\">Beitrittserkl\u00e4rung \/ <em>Formulaire d&#8217;inscription<\/em> :<br \/>\n<\/span><\/span><\/strong><\/span><\/p>\n<p><span id=\"result_box\" class=\"\" lang=\"de\"><span class=\"hps\">Sie k\u00f6nnen die<\/span> <span class=\"hps\">folgende Datei<\/span> <span class=\"hps\">herunterladen<\/span> <span class=\"hps\">und uns per Post oder per E-Mail zuschicken.<\/span><\/span><\/p>\n<p><span id=\"result_box\" class=\"\" lang=\"de\"><span class=\"\"><br \/>\n<\/span><\/span><span style=\"color: #666699;\"><em><span id=\"result_box\" class=\"\" lang=\"de\"><span class=\"\">Vous pouvez t\u00e9l\u00e9charger le fichier suivant et nous le renvoyer par mail ou par poste.<\/span><\/span><\/em><\/span><\/p>\n<p><a href=\"http:\/\/franco-tyrolien.at\/wordpress\/wp-content\/uploads\/2015\/07\/Fiche-d-inscription-doc-formulaire-verrouille\u03011.doc\" target=\"_blank\" rel=\"noopener\">&nbsp;<\/a><\/p>\n<hr>\n<p style=\"text-align: center;\"><a href=\"http:\/\/franco-tyrolien.at\/wordpress\/wp-content\/uploads\/2024\/02\/Anmeldeformular-Fiche-dinscription-IFTI.pdf\">Anmeldeformular Fiche d&#8217;inscription IFT<\/a>I<\/p>\n<hr>\n<p style=\"text-align: center;\"><span style=\"font-size: 20px; color: #ff0000;\">ODER \/ OU <\/span><\/p>\n<p><span style=\"color: #000000; font-size: 14px;\"><strong><span id=\"result_box\" class=\"short_text\" lang=\"de\"><span class=\"hps\">Online-Anmeldeformular<\/span><\/span> \/ <em>Formulaire d&#8217;inscription en ligne<\/em> :<\/strong> <\/span><\/p>\n\n<div class=\"wpcf7 no-js\" id=\"wpcf7-f91-o1\" lang=\"fr-FR\" dir=\"ltr\">\n<div class=\"screen-reader-response\"><p role=\"status\" aria-live=\"polite\" aria-atomic=\"true\"><\/p> <ul><\/ul><\/div>\n<form action=\"\/wordpress\/wp-json\/wp\/v2\/pages\/88#wpcf7-f91-o1\" method=\"post\" class=\"wpcf7-form init\" aria-label=\"Formulaire de contact\" enctype=\"multipart\/form-data\" novalidate=\"novalidate\" data-status=\"init\">\n<div style=\"display: none;\">\n<input type=\"hidden\" name=\"_wpcf7\" value=\"91\" \/>\n<input type=\"hidden\" name=\"_wpcf7_version\" value=\"5.9.8\" \/>\n<input type=\"hidden\" name=\"_wpcf7_locale\" value=\"fr_FR\" \/>\n<input type=\"hidden\" name=\"_wpcf7_unit_tag\" value=\"wpcf7-f91-o1\" \/>\n<input type=\"hidden\" name=\"_wpcf7_container_post\" value=\"0\" \/>\n<input type=\"hidden\" name=\"_wpcf7_posted_data_hash\" value=\"\" \/>\n<\/div>\n<p>Ich erkla\u0308re hiermit meinen Beitritt zum Verein \"Institut franco-tyrolien d\u02bcInnsbruck\" (IFTI). \/<br \/>\nJe d\u00e9clare par la pr\u00e9sente mon adh\u00e9sion \u00e0 l'association \"Institut franco-tyrolien d'Innsbruck\" (IFTI).\n<\/p>\n<p>Anrede \/ Civilit\u00e9\n<\/p>\n<p><span class=\"wpcf7-form-control-wrap\" data-name=\"civilite\"><input size=\"40\" maxlength=\"400\" class=\"wpcf7-form-control wpcf7-text wpcf7-validates-as-required\" aria-required=\"true\" aria-invalid=\"false\" value=\"\" type=\"text\" name=\"civilite\" \/><\/span>\n<\/p>\n<p>Titel \/ Titre\n<\/p>\n<p><span class=\"wpcf7-form-control-wrap\" data-name=\"titre\"><input size=\"40\" maxlength=\"400\" class=\"wpcf7-form-control wpcf7-text\" aria-invalid=\"false\" value=\"\" type=\"text\" name=\"titre\" \/><\/span>\n<\/p>\n<p>Familienname \/ Nom\n<\/p>\n<p><span class=\"wpcf7-form-control-wrap\" data-name=\"nom\"><input size=\"40\" maxlength=\"400\" class=\"wpcf7-form-control wpcf7-text wpcf7-validates-as-required\" aria-required=\"true\" aria-invalid=\"false\" value=\"\" type=\"text\" name=\"nom\" \/><\/span>\n<\/p>\n<p>Vorname \/ Pr\u00e9nom\n<\/p>\n<p><span class=\"wpcf7-form-control-wrap\" data-name=\"prenom\"><input size=\"40\" maxlength=\"400\" class=\"wpcf7-form-control wpcf7-text wpcf7-validates-as-required\" aria-required=\"true\" aria-invalid=\"false\" value=\"\" type=\"text\" name=\"prenom\" \/><\/span>\n<\/p>\n<p>Geburtsdatum (tt\/mm\/jjjj) \/ Date de naissance (jj\/mm\/aaaa)\n<\/p>\n<p><span class=\"wpcf7-form-control-wrap\" data-name=\"datenaissance\"><input size=\"40\" maxlength=\"400\" class=\"wpcf7-form-control wpcf7-text wpcf7-validates-as-required\" aria-required=\"true\" aria-invalid=\"false\" value=\"\" type=\"text\" name=\"datenaissance\" \/><\/span>\n<\/p>\n<p>Staatangeho\u0308rigkeit \/ Nationalit\u00e9\n<\/p>\n<p><span class=\"wpcf7-form-control-wrap\" data-name=\"nationalite\"><input size=\"40\" maxlength=\"400\" class=\"wpcf7-form-control wpcf7-text wpcf7-validates-as-required\" aria-required=\"true\" aria-invalid=\"false\" value=\"\" type=\"text\" name=\"nationalite\" \/><\/span>\n<\/p>\n<p>Beruf \/ Profession\n<\/p>\n<p><span class=\"wpcf7-form-control-wrap\" data-name=\"profession\"><input size=\"40\" maxlength=\"400\" class=\"wpcf7-form-control wpcf7-text wpcf7-validates-as-required\" aria-required=\"true\" aria-invalid=\"false\" value=\"\" type=\"text\" name=\"profession\" \/><\/span>\n<\/p>\n<p>Adresse (Stra\u00dfe, Postleitzahl, Stadt, Land \/ Rue, Code postal, Ville, Pays)\n<\/p>\n<p><span class=\"wpcf7-form-control-wrap\" data-name=\"adresse\"><input size=\"40\" maxlength=\"400\" class=\"wpcf7-form-control wpcf7-text wpcf7-validates-as-required\" aria-required=\"true\" aria-invalid=\"false\" value=\"\" type=\"text\" name=\"adresse\" \/><\/span>\n<\/p>\n<p>E-Mail\n<\/p>\n<p><span class=\"wpcf7-form-control-wrap\" data-name=\"mail\"><input size=\"40\" maxlength=\"400\" class=\"wpcf7-form-control wpcf7-email wpcf7-text wpcf7-validates-as-email\" aria-invalid=\"false\" value=\"\" type=\"email\" name=\"mail\" \/><\/span>\n<\/p>\n<p>(Mobil-) Telefon \/ Num\u00e9ro(s) de t\u00e9l\u00e9phone\n<\/p>\n<p><span class=\"wpcf7-form-control-wrap\" data-name=\"numero\"><input size=\"40\" maxlength=\"400\" class=\"wpcf7-form-control wpcf7-text wpcf7-validates-as-required\" aria-required=\"true\" aria-invalid=\"false\" value=\"\" type=\"text\" name=\"numero\" \/><\/span>\n<\/p>\n<p>Foto einf\u00fcgen \/ Ajouter votre photo\n<\/p>\n<p><span class=\"wpcf7-form-control-wrap\" data-name=\"telecharger\"><input size=\"40\" class=\"wpcf7-form-control wpcf7-file\" accept=\"audio\/*,video\/*,image\/*\" aria-invalid=\"false\" type=\"file\" name=\"telecharger\" \/><\/span>\n<\/p>\n<p>Ich habe die Statuten des Vereins (www.franco-tyrolien.at) gelesen und zur Kenntnis genommen.<br \/>\nIch stimme zu, dass wa\u0308hrend der Vereinsta\u0308tigkeiten erstelltes Bildmaterial zu Werbezwecken verwendet werden kann.<br \/>\nMeine Angaben werden ausschlie\u00dflich fu\u0308r vereinsinterne Zwecke genutzt, damit erkla\u0308re ich mich einverstanden.<br \/>\nDer Mitgliedsbeitrag betra\u0308gt 40\u20ac pro Person \/ Kalenderjahr. Ausnahme : 10\u20ac fu\u0308r Schu\u0308ler (1-8 Klasse) mit Nachweis ; Gratis fu\u0308r Kinder unter 10 Jahren.\n<\/p>\n<p>J'ai pris connaissance des statuts de l'association (disponibles sur http:\/\/franco-tyrolien.at\/wordpress\/verein\/statuten\/).<br \/>\nJ'accepte le fait que les m\u00e9dias r\u00e9alis\u00e9s dans le cadre des activit\u00e9s de l'association peuvent \u00eatre utilis\u00e9s \u00e0 des fins publicitaires.<br \/>\nMes coordonn\u00e9es ne sont utilis\u00e9es qu'\u00e0 des fins internes \u00e0 l'association.<br \/>\nLa cotisation est de 40 \u20ac par personne et par ann\u00e9e civile, \u00e0 l'exception des scolaires (classe 1-8) sur pr\u00e9sentation de justificatif 10 \u20ac ; Gratuit pour les enfants de moins de 10 ans.\n<\/p>\n<p>Bankverbindung \/ Relev\u00e9 d'identit\u00e9 bancaire pour r\u00e9gler la cotisation :<br \/>\nHypo Tirol Bank<br \/>\nIBAN : AT26 5700 0300 5342 0602<br \/>\nBIC : HIPTAT2\n<\/p>\n<p>Unterschrift unten \/ Signature ci-dessous\n<\/p>\n<p><div class=\"wpcf7-form-control-signature-global-wrap\" data-field-id=\"signature-245\">\n\t\t\t\t<div class=\"wpcf7-form-control-signature-wrap\" style=\"width:300px;height:200px;\">\n\t\t\t\t\t<div class=\"wpcf7-form-control-signature-body\">\n\t\t\t\t\t\t<canvas id=\"wpcf7_signature-245_signature\" class=\"signature-245\"><\/canvas>\n\t\t\t\t\t<\/div>\n\t\t\t\t<\/div>\n\t\t\t\t<div class=\"wpcf7-form-control-clear-wrap\">\n\t\t\t\t\t<input id=\"wpcf7_signature-245_clear\" type=\"button\" value=\"Clear\"\/>\n\t\t\t\t<\/div>\n\t\t\t<\/div>\n\t\t\t<span class=\"wpcf7-form-control-wrap wpcf7-form-control-signature-input-wrap signature-245\">\n\t\t\t\t<input aria-required=\"true\" aria-invalid=\"false\" value=\"\" type=\"hidden\" name=\"signature-245\" id=\"wpcf7_input_signature-245\"\/><input type=\"hidden\" name=\"signature-245-attachment\" id=\"wpcf7_input_signature-245_attachment\"\/><input type=\"hidden\" name=\"signature-245-inline\" id=\"wpcf7_input_signature-245_inline\"\/>\n\t\t\t<\/span>\n\t\t\t\n<\/p>\n<p>(Bei Personen unter 18 Jahren, Unterschrift des Erziehungsberechtigten \/ Pour les mineurs, la signature du responsable l\u00e9gal)\n<\/p>\n<p>Kopieren Sie diese \/ Recopier ceci <input type=\"hidden\" name=\"_wpcf7_captcha_challenge_captcha-121\" value=\"2059781744\" \/><img loading=\"lazy\" decoding=\"async\" class=\"wpcf7-form-control wpcf7-captchac wpcf7-captcha-captcha-121\" width=\"72\" height=\"24\" alt=\"captcha\" src=\"http:\/\/franco-tyrolien.at\/wordpress\/wp-content\/uploads\/wpcf7_captcha\/2059781744.png\" \/> hier \/ ici : <span class=\"wpcf7-form-control-wrap\" data-name=\"captcha-121\"><input size=\"40\" class=\"wpcf7-form-control wpcf7-captchar\" autocomplete=\"off\" aria-invalid=\"false\" value=\"\" type=\"text\" name=\"captcha-121\" \/><\/span>\n<\/p>\n<p><input class=\"wpcf7-form-control wpcf7-submit has-spinner\" type=\"submit\" value=\"Fertig\/Termin\u00e9\" \/>\n<\/p><div class=\"wpcf7-response-output\" aria-hidden=\"true\"><\/div>\n<\/form>\n<\/div>\n\n<p>&nbsp;<\/p>\n<p><span style=\"font-size: 16px;\"><strong>Vielen Dank und Willkommen bei uns&nbsp;!<\/strong><\/span><\/p>\n<p><span style=\"color: #666699;\"><em>Merci et soyez les bienvenus chez nous !<\/em><\/span><\/p>\n<p>&nbsp;<\/p>\n<p>&nbsp;<\/p>\n","protected":false},"excerpt":{"rendered":"<p>Beitrittserkl\u00e4rung \/ Formulaire d&#8217;inscription : Sie k\u00f6nnen die folgende Datei herunterladen und uns per Post oder per E-Mail zuschicken. Vous pouvez t\u00e9l\u00e9charger le fichier suivant et nous le renvoyer par [&hellip;]<\/p>\n","protected":false},"author":1,"featured_media":0,"parent":352,"menu_order":2,"comment_status":"closed","ping_status":"closed","template":"","meta":{"_bbp_topic_count":0,"_bbp_reply_count":0,"_bbp_total_topic_count":0,"_bbp_total_reply_count":0,"_bbp_voice_count":0,"_bbp_anonymous_reply_count":0,"_bbp_topic_count_hidden":0,"_bbp_reply_count_hidden":0,"_bbp_forum_subforum_count":0,"ngg_post_thumbnail":0,"footnotes":""},"class_list":["post-88","page","type-page","status-publish","hentry"],"_links":{"self":[{"href":"http:\/\/franco-tyrolien.at\/wordpress\/wp-json\/wp\/v2\/pages\/88"}],"collection":[{"href":"http:\/\/franco-tyrolien.at\/wordpress\/wp-json\/wp\/v2\/pages"}],"about":[{"href":"http:\/\/franco-tyrolien.at\/wordpress\/wp-json\/wp\/v2\/types\/page"}],"author":[{"embeddable":true,"href":"http:\/\/franco-tyrolien.at\/wordpress\/wp-json\/wp\/v2\/users\/1"}],"replies":[{"embeddable":true,"href":"http:\/\/franco-tyrolien.at\/wordpress\/wp-json\/wp\/v2\/comments?post=88"}],"version-history":[{"count":29,"href":"http:\/\/franco-tyrolien.at\/wordpress\/wp-json\/wp\/v2\/pages\/88\/revisions"}],"predecessor-version":[{"id":4088,"href":"http:\/\/franco-tyrolien.at\/wordpress\/wp-json\/wp\/v2\/pages\/88\/revisions\/4088"}],"up":[{"embeddable":true,"href":"http:\/\/franco-tyrolien.at\/wordpress\/wp-json\/wp\/v2\/pages\/352"}],"wp:attachment":[{"href":"http:\/\/franco-tyrolien.at\/wordpress\/wp-json\/wp\/v2\/media?parent=88"}],"curies":[{"name":"wp","href":"https:\/\/api.w.org\/{rel}","templated":true}]}}